{"id":137,"date":"2012-09-26T20:21:22","date_gmt":"2012-09-26T20:21:22","guid":{"rendered":"http:\/\/transport-serbia.com\/kamionski-kombi-prevoz\/?page_id=137"},"modified":"2014-04-29T15:14:44","modified_gmt":"2014-04-29T13:14:44","slug":"transport-quote","status":"publish","type":"page","link":"https:\/\/transportrobe.com\/eng\/transport-quote\/","title":{"rendered":"Transport Quote"},"content":{"rendered":"<p>If you need to transport any type, complete the form and you will be notified by e-mail as soon as possible.<\/p>\n<p><b>Instructions for completing the questionnaire:<\/b><\/p>\n<p>&nbsp;<\/p>\n<ul>\n<li>1.Please fill out the questionnaire in as much detail to provide the best price of transport.<\/li>\n<li>2. The questionnaire is necessary to set aside about 10 minutes, be patient and concise answer to any question asked.<\/li>\n<li>3. Svako polje upitnika je obavezno i obele\u017eeno je crvenom zvezdicom. Ukoliko presko\u010dite neko polje, ne mo\u017eete nastaviti sa popunjavanjem slede\u0107eg koraka.<\/li>\n<\/ul>\n<p><a href=\"http:\/\/transportrobe.com\/eng\/upit-za-transport-formular\/\"><img decoding=\"async\" loading=\"lazy\" class=\"aligncenter size-full wp-image-155\" title=\"upit-za-transport\" src=\"http:\/\/transportrobe.com\/eng\/wp-content\/uploads\/2012\/09\/upit-za-transport.jpg\" alt=\"\" width=\"400\" height=\"299\" srcset=\"https:\/\/transportrobe.com\/eng\/wp-content\/uploads\/2012\/09\/upit-za-transport.jpg 400w, https:\/\/transportrobe.com\/eng\/wp-content\/uploads\/2012\/09\/upit-za-transport-300x224.jpg 300w\" sizes=\"(max-width: 400px) 100vw, 400px\" \/><\/a><\/p>\n<p><a href=\"http:\/\/transportrobe.com\/eng\/upit-za-transport-formular\/\"><img decoding=\"async\" loading=\"lazy\" class=\"aligncenter size-full wp-image-158\" title=\"klikni_ovde\" src=\"http:\/\/transportrobe.com\/eng\/images\/klikni_ovde.png\" alt=\"\" width=\"286\" height=\"44\" \/><\/a><\/p>\n","protected":false},"excerpt":{"rendered":"<p>If you need to transport any type, complete the form and you will be notified by e-mail as soon as possible. Instructions [&hellip;]<\/p>\n","protected":false},"author":13,"featured_media":0,"parent":0,"menu_order":0,"comment_status":"closed","ping_status":"open","template":"template-full.php","meta":[],"yoast_head":"<!-- This site is optimized with the Yoast SEO plugin v19.13 - https:\/\/yoast.com\/wordpress\/plugins\/seo\/ -->\n<title>Transport Quote - Cargo transport Serbia<\/title>\n<meta name=\"robots\" content=\"index, follow, max-snippet:-1, max-image-preview:large, max-video-preview:-1\" \/>\n<link rel=\"canonical\" href=\"https:\/\/transportrobe.com\/eng\/transport-quote\/\" \/>\n<meta property=\"og:locale\" content=\"en_US\" \/>\n<meta property=\"og:type\" content=\"article\" \/>\n<meta property=\"og:title\" content=\"Transport Quote - Cargo transport Serbia\" \/>\n<meta property=\"og:description\" content=\"If you need to transport any type, complete the form and you will be notified by e-mail as soon as possible. Instructions [&hellip;]\" \/>\n<meta property=\"og:url\" content=\"https:\/\/transportrobe.com\/eng\/transport-quote\/\" \/>\n<meta property=\"og:site_name\" content=\"Cargo transport Serbia\" \/>\n<meta property=\"article:publisher\" content=\"https:\/\/www.facebook.com\/profile.php?id=100068243736618\" \/>\n<meta property=\"article:modified_time\" content=\"2014-04-29T13:14:44+00:00\" \/>\n<meta property=\"og:image\" content=\"http:\/\/transportrobe.com\/eng\/wp-content\/uploads\/2012\/09\/upit-za-transport.jpg\" \/>\n<script type=\"application\/ld+json\" class=\"yoast-schema-graph\">{\"@context\":\"https:\/\/schema.org\",\"@graph\":[{\"@type\":\"WebPage\",\"@id\":\"https:\/\/transportrobe.com\/eng\/transport-quote\/\",\"url\":\"https:\/\/transportrobe.com\/eng\/transport-quote\/\",\"name\":\"Transport Quote - Cargo transport Serbia\",\"isPartOf\":{\"@id\":\"https:\/\/transportrobe.com\/eng\/#website\"},\"datePublished\":\"2012-09-26T20:21:22+00:00\",\"dateModified\":\"2014-04-29T13:14:44+00:00\",\"breadcrumb\":{\"@id\":\"https:\/\/transportrobe.com\/eng\/transport-quote\/#breadcrumb\"},\"inLanguage\":\"en-US\",\"potentialAction\":[{\"@type\":\"ReadAction\",\"target\":[\"https:\/\/transportrobe.com\/eng\/transport-quote\/\"]}]},{\"@type\":\"BreadcrumbList\",\"@id\":\"https:\/\/transportrobe.com\/eng\/transport-quote\/#breadcrumb\",\"itemListElement\":[{\"@type\":\"ListItem\",\"position\":1,\"name\":\"Home\",\"item\":\"https:\/\/transportrobe.com\/eng\/\"},{\"@type\":\"ListItem\",\"position\":2,\"name\":\"Transport Quote\"}]},{\"@type\":\"WebSite\",\"@id\":\"https:\/\/transportrobe.com\/eng\/#website\",\"url\":\"https:\/\/transportrobe.com\/eng\/\",\"name\":\"Cargo transport Serbia\",\"description\":\"\",\"publisher\":{\"@id\":\"https:\/\/transportrobe.com\/eng\/#organization\"},\"potentialAction\":[{\"@type\":\"SearchAction\",\"target\":{\"@type\":\"EntryPoint\",\"urlTemplate\":\"https:\/\/transportrobe.com\/eng\/?s={search_term_string}\"},\"query-input\":\"required name=search_term_string\"}],\"inLanguage\":\"en-US\"},{\"@type\":\"Organization\",\"@id\":\"https:\/\/transportrobe.com\/eng\/#organization\",\"name\":\"Transport Serbia\",\"url\":\"https:\/\/transportrobe.com\/eng\/\",\"logo\":{\"@type\":\"ImageObject\",\"inLanguage\":\"en-US\",\"@id\":\"https:\/\/transportrobe.com\/eng\/#\/schema\/logo\/image\/\",\"url\":\"https:\/\/transportrobe.com\/eng\/wp-content\/uploads\/2020\/02\/logo-1.jpg\",\"contentUrl\":\"https:\/\/transportrobe.com\/eng\/wp-content\/uploads\/2020\/02\/logo-1.jpg\",\"width\":299,\"height\":80,\"caption\":\"Transport Serbia\"},\"image\":{\"@id\":\"https:\/\/transportrobe.com\/eng\/#\/schema\/logo\/image\/\"},\"sameAs\":[\"https:\/\/www.facebook.com\/profile.php?id=100068243736618\"]}]}<\/script>\n<!-- \/ Yoast SEO plugin. -->","yoast_head_json":{"title":"Transport Quote - Cargo transport Serbia","robots":{"index":"index","follow":"follow","max-snippet":"max-snippet:-1","max-image-preview":"max-image-preview:large","max-video-preview":"max-video-preview:-1"},"canonical":"https:\/\/transportrobe.com\/eng\/transport-quote\/","og_locale":"en_US","og_type":"article","og_title":"Transport Quote - Cargo transport Serbia","og_description":"If you need to transport any type, complete the form and you will be notified by e-mail as soon as possible. Instructions [&hellip;]","og_url":"https:\/\/transportrobe.com\/eng\/transport-quote\/","og_site_name":"Cargo transport Serbia","article_publisher":"https:\/\/www.facebook.com\/profile.php?id=100068243736618","article_modified_time":"2014-04-29T13:14:44+00:00","og_image":[{"url":"http:\/\/transportrobe.com\/eng\/wp-content\/uploads\/2012\/09\/upit-za-transport.jpg"}],"schema":{"@context":"https:\/\/schema.org","@graph":[{"@type":"WebPage","@id":"https:\/\/transportrobe.com\/eng\/transport-quote\/","url":"https:\/\/transportrobe.com\/eng\/transport-quote\/","name":"Transport Quote - Cargo transport Serbia","isPartOf":{"@id":"https:\/\/transportrobe.com\/eng\/#website"},"datePublished":"2012-09-26T20:21:22+00:00","dateModified":"2014-04-29T13:14:44+00:00","breadcrumb":{"@id":"https:\/\/transportrobe.com\/eng\/transport-quote\/#breadcrumb"},"inLanguage":"en-US","potentialAction":[{"@type":"ReadAction","target":["https:\/\/transportrobe.com\/eng\/transport-quote\/"]}]},{"@type":"BreadcrumbList","@id":"https:\/\/transportrobe.com\/eng\/transport-quote\/#breadcrumb","itemListElement":[{"@type":"ListItem","position":1,"name":"Home","item":"https:\/\/transportrobe.com\/eng\/"},{"@type":"ListItem","position":2,"name":"Transport Quote"}]},{"@type":"WebSite","@id":"https:\/\/transportrobe.com\/eng\/#website","url":"https:\/\/transportrobe.com\/eng\/","name":"Cargo transport Serbia","description":"","publisher":{"@id":"https:\/\/transportrobe.com\/eng\/#organization"},"potentialAction":[{"@type":"SearchAction","target":{"@type":"EntryPoint","urlTemplate":"https:\/\/transportrobe.com\/eng\/?s={search_term_string}"},"query-input":"required name=search_term_string"}],"inLanguage":"en-US"},{"@type":"Organization","@id":"https:\/\/transportrobe.com\/eng\/#organization","name":"Transport Serbia","url":"https:\/\/transportrobe.com\/eng\/","logo":{"@type":"ImageObject","inLanguage":"en-US","@id":"https:\/\/transportrobe.com\/eng\/#\/schema\/logo\/image\/","url":"https:\/\/transportrobe.com\/eng\/wp-content\/uploads\/2020\/02\/logo-1.jpg","contentUrl":"https:\/\/transportrobe.com\/eng\/wp-content\/uploads\/2020\/02\/logo-1.jpg","width":299,"height":80,"caption":"Transport Serbia"},"image":{"@id":"https:\/\/transportrobe.com\/eng\/#\/schema\/logo\/image\/"},"sameAs":["https:\/\/www.facebook.com\/profile.php?id=100068243736618"]}]}},"_links":{"self":[{"href":"https:\/\/transportrobe.com\/eng\/wp-json\/wp\/v2\/pages\/137"}],"collection":[{"href":"https:\/\/transportrobe.com\/eng\/wp-json\/wp\/v2\/pages"}],"about":[{"href":"https:\/\/transportrobe.com\/eng\/wp-json\/wp\/v2\/types\/page"}],"author":[{"embeddable":true,"href":"https:\/\/transportrobe.com\/eng\/wp-json\/wp\/v2\/users\/13"}],"replies":[{"embeddable":true,"href":"https:\/\/transportrobe.com\/eng\/wp-json\/wp\/v2\/comments?post=137"}],"version-history":[{"count":0,"href":"https:\/\/transportrobe.com\/eng\/wp-json\/wp\/v2\/pages\/137\/revisions"}],"wp:attachment":[{"href":"https:\/\/transportrobe.com\/eng\/wp-json\/wp\/v2\/media?parent=137"}],"curies":[{"name":"wp","href":"https:\/\/api.w.org\/{rel}","templated":true}]}}